{"id":381,"date":"2021-02-25T10:56:04","date_gmt":"2021-02-25T09:56:04","guid":{"rendered":"http:\/\/open-france.org\/?page_id=381"},"modified":"2021-05-28T15:48:35","modified_gmt":"2021-05-28T13:48:35","slug":"qui-sommes-nous","status":"publish","type":"page","link":"https:\/\/open-france.org\/index.php\/qui-sommes-nous\/","title":{"rendered":"Qui sommes nous"},"content":{"rendered":"<p>[et_pb_section fb_built=&#8221;1&#8243; _builder_version=&#8221;4.9.0&#8243; background_image=&#8221;https:\/\/open-france.org\/wp-content\/uploads\/2021\/03\/pexels-sourav-mishra-1231622-scaled.jpg&#8221; parallax=&#8221;on&#8221; custom_padding=&#8221;5.9%|0px|12.5%|0px||&#8221;][et_pb_row _builder_version=&#8221;4.9.0&#8243; background_enable_color=&#8221;off&#8221; transform_scale=&#8221;96%|96%&#8221; custom_padding=&#8221;80px|40px|80px|40px&#8221; animation_style=&#8221;zoom&#8221; animation_intensity_zoom=&#8221;10%&#8221;][et_pb_column type=&#8221;4_4&#8243; _builder_version=&#8221;4.9.0&#8243; custom_padding=&#8221;|||&#8221; custom_padding__hover=&#8221;|||&#8221;][et_pb_text _builder_version=&#8221;4.9.0&#8243; _module_preset=&#8221;default&#8221; header_font=&#8221;Oswald|500||on|||||&#8221; header_text_color=&#8221;#494949&#8243; header_font_size=&#8221;7vw&#8221; header_letter_spacing=&#8221;15px&#8221; header_line_height=&#8221;1.4em&#8221; custom_margin=&#8221;|-28px||-28px|false|false&#8221; custom_padding_tablet=&#8221;&#8221; custom_padding_phone=&#8221;|0px||0px|false|false&#8221; custom_padding_last_edited=&#8221;on|phone&#8221; header_font_tablet=&#8221;&#8221; header_font_phone=&#8221;&#8221; header_font_last_edited=&#8221;on|phone&#8221; header_font_size_tablet=&#8221;&#8221; header_font_size_phone=&#8221;13vw&#8221; header_font_size_last_edited=&#8221;on|phone&#8221;]<\/p>\n<h1 style=\"text-align: center;\"><span style=\"color: #ffffff;\">Qui est Open ?<\/span><\/h1>\n<p>[\/et_pb_text][\/et_pb_column][\/et_pb_row][\/et_pb_section][et_pb_section fb_built=&#8221;1&#8243; admin_label=&#8221;Intro Section&#8221; _builder_version=&#8221;4.9.0&#8243; background_color=&#8221;#efefef&#8221; background_enable_image=&#8221;off&#8221; parallax=&#8221;on&#8221; custom_padding=&#8221;60px|0px|60px|0px||&#8221;][et_pb_row column_structure=&#8221;1_2,1_2&#8243; admin_label=&#8221;Intro Row&#8221; _builder_version=&#8221;4.9.0&#8243; custom_margin=&#8221;-4px|auto||auto||&#8221;][et_pb_column type=&#8221;1_2&#8243; _builder_version=&#8221;3.25&#8243; custom_padding=&#8221;|||&#8221; custom_padding__hover=&#8221;|||&#8221;][et_pb_text admin_label=&#8221;Tittle &#038; Paragraph&#8221; _builder_version=&#8221;4.9.0&#8243; text_font=&#8221;Open Sans|600|||||||&#8221; text_font_size=&#8221;16px&#8221; text_line_height=&#8221;1.8em&#8221; header_font=&#8221;||||||||&#8221; header_2_font=&#8221;Oswald|||on|||||&#8221; header_2_font_size=&#8221;45px&#8221; header_2_letter_spacing=&#8221;3px&#8221; header_2_line_height=&#8221;1.4em&#8221; module_alignment=&#8221;center&#8221; custom_margin=&#8221;40px|||&#8221; custom_margin_tablet=&#8221;0px|||&#8221; custom_margin_phone=&#8221;|||&#8221; custom_margin_last_edited=&#8221;on|phone&#8221; header_2_font_size_tablet=&#8221;&#8221; header_2_font_size_phone=&#8221;44px&#8221; header_2_font_size_last_edited=&#8221;on|phone&#8221;]<\/p>\n<h2><b>Qui est open ?<\/b><\/h2>\n<p><span style=\"font-weight: 400;\"><\/span><\/p>\n<p is=\"qowt-word-para\" qowt-lvl=\"undefined\" qowt-entry=\"undefined\" qowt-eid=\"E306\" id=\"E306\" class=\"x-scope qowt-word-para-1\"><span is=\"qowt-word-run\" qowt-eid=\"E307\" id=\"E307\" class=\"qowt-font1-Arial\">L\u2019Organisation Pour l\u2019Eau et la Nature (OPEN) <\/span><span is=\"qowt-word-run\" qowt-eid=\"E308\" id=\"E308\" class=\"qowt-font1-Arial\">est <\/span><span is=\"qowt-word-run\" qowt-eid=\"E309\" id=\"E309\" class=\"qowt-font1-Arial\">une association loi 1901 qui est <\/span><span is=\"qowt-word-run\" qowt-eid=\"E310\" id=\"E310\" class=\"qowt-font1-Arial\">n\u00e9e de ces multiples constats, avec une probl\u00e9matique unique\u00a0: comment <\/span><span is=\"qowt-word-run\" qowt-eid=\"E311\" id=\"E311\" class=\"qowt-font1-Arial\">pr\u00e9server l\u2019harmonie entre l\u2019homme et la nature<\/span><span is=\"qowt-word-run\" qowt-eid=\"E312\" id=\"E312\" class=\"qowt-font1-Arial\">\u00a0puis\u00a0<\/span><span is=\"qowt-word-run\" qowt-eid=\"E313\" id=\"E313\" class=\"qowt-font1-Arial\">concilier traitement des eaux us\u00e9es et respect de la biodiversit\u00e9<\/span><\/p>\n<p is=\"qowt-word-para\" qowt-lvl=\"undefined\" qowt-entry=\"undefined\" qowt-eid=\"E317\" id=\"E317\" class=\"x-scope qowt-word-para-1\"><span is=\"qowt-word-run\" qowt-eid=\"E318\" id=\"E318\" class=\"qowt-font1-Arial\">Elle se base sur les 20 ans d&#8217;exp\u00e9riences de Bamboo For Life qui <\/span><span is=\"qowt-word-run\" qowt-eid=\"E319\" id=\"E319\" class=\"qowt-font1-Arial\">b\u00e9n\u00e9ficie de connaissances et de son expertise sur la\u00a0phytorem\u00e9diation<\/span><\/p>\n<p>[\/et_pb_text][\/et_pb_column][et_pb_column type=&#8221;1_2&#8243; _builder_version=&#8221;4.9.0&#8243; background_image=&#8221;https:\/\/open-france.org\/wp-content\/uploads\/2021\/02\/Sans-titre-34.png&#8221; custom_padding=&#8221;367px||||false|false&#8221; background_last_edited=&#8221;on|phone&#8221; border_radii=&#8221;on|36px|36px|36px|36px&#8221; custom_padding__hover=&#8221;|||&#8221;][\/et_pb_column][\/et_pb_row][\/et_pb_section][et_pb_section fb_built=&#8221;1&#8243; admin_label=&#8221;Intro Section&#8221; _builder_version=&#8221;4.9.0&#8243; background_enable_color=&#8221;off&#8221; background_enable_image=&#8221;off&#8221; parallax=&#8221;on&#8221; custom_padding=&#8221;60px|0px|60px|0px||&#8221;][et_pb_row column_structure=&#8221;1_2,1_2&#8243; admin_label=&#8221;Intro Row&#8221; _builder_version=&#8221;4.9.0&#8243; parallax=&#8221;on&#8221; custom_margin=&#8221;-4px|auto||auto||&#8221;][et_pb_column type=&#8221;1_2&#8243; _builder_version=&#8221;4.9.0&#8243; background_image=&#8221;https:\/\/open-france.org\/wp-content\/uploads\/2021\/02\/pexels-emre-orkun-keskin-52706-scaled.jpg&#8221; parallax=&#8221;on&#8221; custom_padding=&#8221;417px||0px||false|false&#8221; border_radii=&#8221;on|36px|36px|36px|36px&#8221; custom_padding__hover=&#8221;|||&#8221;][\/et_pb_column][et_pb_column type=&#8221;1_2&#8243; _builder_version=&#8221;4.9.0&#8243; custom_padding=&#8221;16px||||false|false&#8221; custom_padding__hover=&#8221;|||&#8221;][et_pb_text admin_label=&#8221;Tittle &#038; Paragraph&#8221; _builder_version=&#8221;4.9.0&#8243; text_font=&#8221;Open Sans|600|||||||&#8221; text_font_size=&#8221;16px&#8221; text_line_height=&#8221;1.8em&#8221; header_font=&#8221;||||||||&#8221; header_2_font=&#8221;Oswald|||on|||||&#8221; header_2_font_size=&#8221;45px&#8221; header_2_letter_spacing=&#8221;3px&#8221; header_2_line_height=&#8221;1.4em&#8221; module_alignment=&#8221;center&#8221; custom_margin=&#8221;-8px||||false|false&#8221; custom_margin_tablet=&#8221;0px|||&#8221; custom_margin_phone=&#8221;|||&#8221; custom_margin_last_edited=&#8221;on|phone&#8221;]<\/p>\n<h2><span is=\"qowt-word-run\" qowt-eid=\"E472\" class=\"qowt-font1-Arial\"><b>Notre vision<\/b><\/span><\/h2>\n<p><span is=\"qowt-word-run\" qowt-eid=\"E472\" class=\"qowt-font1-Arial\"><b><\/b><\/span><\/p>\n<p><span style=\"font-size: 16px; font-weight: 400;\"><span is=\"qowt-word-run\" qowt-eid=\"E494\" id=\"E494\" class=\"qowt-font1-Arial\"><span><span is=\"qowt-word-run\" qowt-eid=\"E501\" id=\"E501\" class=\"qowt-font1-Arial\"><span is=\"qowt-word-run\" qowt-eid=\"E472\" id=\"E472\" class=\"qowt-font1-Arial\">En diffusant notre savoir, nous nous donnons comme objectif de g\u00e9n\u00e9rer des emplois dans un ensemble vaste de secteurs d\u2019activit\u00e9s\u00a0: agriculture, valorisation du bambou (fibre textile, artisanat, industrie du bois et du <\/span><span is=\"qowt-word-run\" qowt-eid=\"E473\" id=\"E473\" class=\"qowt-font1-Arial\">b\u00e2timent<\/span><span is=\"qowt-word-run\" qowt-eid=\"E474\" id=\"E474\" class=\"qowt-font1-Arial\">\u2026), lutte contre la d\u00e9forestation, l&#8217;acc\u00e8s \u00e0 l&#8217;assainissement<\/span><span is=\"qowt-word-run\" qowt-eid=\"E476\" id=\"E476\" class=\"qowt-font1-Arial\">\u00a0et \u00e0<\/span><span is=\"qowt-word-run\" qowt-eid=\"E477\" id=\"E477\" class=\"qowt-font1-Arial\">\u00a0la biodiversit\u00e9.<\/span><\/span><\/span><\/span><\/span><\/p>\n<p><span style=\"font-size: 16px; font-weight: 400;\"><span is=\"qowt-word-run\" qowt-eid=\"E494\" id=\"E494\" class=\"qowt-font1-Arial\">OPEN<\/span><span is=\"qowt-word-run\" qowt-eid=\"E495\" id=\"E495\" class=\"qowt-font1-Arial\"> <\/span><span is=\"qowt-word-run\" qowt-eid=\"E496\" id=\"E496\" class=\"qowt-font1-Arial\">d\u00e9sire \u00e9veiller les consciences et rappeler aux collectivit\u00e9s nationales<\/span><span is=\"qowt-word-run\" qowt-eid=\"E497\" id=\"E497\" class=\"qowt-font1-Arial\"> et locales<\/span><span is=\"qowt-word-run\" qowt-eid=\"E498\" id=\"E498\" class=\"qowt-font1-Arial\">, centralis\u00e9es et d\u00e9centralis\u00e9es qu\u2019elles ont une possibilit\u00e9 d\u2019aider les PED \u00e0 travers les m\u00e9canismes <\/span><span is=\"qowt-word-run\" qowt-eid=\"E499\" id=\"E499\" class=\"qowt-font1-Arial\">d\u2019aide (jusqu&#8217;\u00e0 1\u00a0% de leur budget <\/span><span is=\"qowt-word-run\" qowt-eid=\"E500\" id=\"E500\" class=\"qowt-font1-Arial\">vers\u00e9 <\/span><span is=\"qowt-word-run\" qowt-eid=\"E501\" id=\"E501\" class=\"qowt-font1-Arial\">\u00e0 des actions de solidarit\u00e9 internationale, d&#8217;aide d&#8217;urgence et de coop\u00e9ration d\u00e9centralis\u00e9e dans les domaines de l&#8217;eau et de l&#8217;assainissement).<\/span><\/span><\/p>\n<p><span style=\"font-size: 16px; font-weight: 400;\"><span is=\"qowt-word-run\" qowt-eid=\"E501\" class=\"qowt-font1-Arial\"><\/span><\/span><\/p>\n<p>&nbsp;<\/p>\n<p>[\/et_pb_text][\/et_pb_column][\/et_pb_row][\/et_pb_section]<\/p>\n","protected":false},"excerpt":{"rendered":"<p>Qui est Open ?Qui est open ? L\u2019Organisation Pour l\u2019Eau et la Nature (OPEN) est une association loi 1901 qui est n\u00e9e de ces multiples constats, avec une probl\u00e9matique unique\u00a0: comment pr\u00e9server l\u2019harmonie entre l\u2019homme et la nature\u00a0puis\u00a0concilier traitement des eaux us\u00e9es et respect de la biodiversit\u00e9 Elle se base sur les 20 ans d&#8217;exp\u00e9riences [&hellip;]<\/p>\n","protected":false},"author":1,"featured_media":0,"parent":0,"menu_order":0,"comment_status":"closed","ping_status":"closed","template":"","meta":{"_et_pb_use_builder":"on","_et_pb_old_content":"","_et_gb_content_width":"","footnotes":""},"class_list":["post-381","page","type-page","status-publish","hentry"],"yoast_head":"<!-- This site is optimized with the Yoast SEO plugin v18.3 - https:\/\/yoast.com\/wordpress\/plugins\/seo\/ -->\n<title>Qui sommes nous - OPEN France<\/title>\n<meta name=\"robots\" content=\"index, follow, max-snippet:-1, max-image-preview:large, max-video-preview:-1\" \/>\n<link rel=\"canonical\" href=\"https:\/\/open-france.org\/index.php\/qui-sommes-nous\/\" \/>\n<meta property=\"og:locale\" content=\"en_US\" \/>\n<meta property=\"og:type\" content=\"article\" \/>\n<meta property=\"og:title\" content=\"Qui sommes nous - OPEN France\" \/>\n<meta property=\"og:description\" content=\"Qui est Open ?Qui est open ? L\u2019Organisation Pour l\u2019Eau et la Nature (OPEN) est une association loi 1901 qui est n\u00e9e de ces multiples constats, avec une probl\u00e9matique unique\u00a0: comment pr\u00e9server l\u2019harmonie entre l\u2019homme et la nature\u00a0puis\u00a0concilier traitement des eaux us\u00e9es et respect de la biodiversit\u00e9 Elle se base sur les 20 ans d&#039;exp\u00e9riences [&hellip;]\" \/>\n<meta property=\"og:url\" content=\"https:\/\/open-france.org\/index.php\/qui-sommes-nous\/\" \/>\n<meta property=\"og:site_name\" content=\"OPEN France\" \/>\n<meta property=\"article:modified_time\" content=\"2021-05-28T13:48:35+00:00\" \/>\n<meta name=\"twitter:card\" content=\"summary_large_image\" \/>\n<meta name=\"twitter:label1\" content=\"Est. reading time\" \/>\n\t<meta name=\"twitter:data1\" content=\"3 minutes\" \/>\n<script type=\"application\/ld+json\" class=\"yoast-schema-graph\">{\"@context\":\"https:\/\/schema.org\",\"@graph\":[{\"@type\":\"WebSite\",\"@id\":\"https:\/\/open-france.org\/#website\",\"url\":\"https:\/\/open-france.org\/\",\"name\":\"OPEN France\",\"description\":\"\",\"potentialAction\":[{\"@type\":\"SearchAction\",\"target\":{\"@type\":\"EntryPoint\",\"urlTemplate\":\"https:\/\/open-france.org\/?s={search_term_string}\"},\"query-input\":\"required name=search_term_string\"}],\"inLanguage\":\"en-US\"},{\"@type\":\"WebPage\",\"@id\":\"https:\/\/open-france.org\/index.php\/qui-sommes-nous\/#webpage\",\"url\":\"https:\/\/open-france.org\/index.php\/qui-sommes-nous\/\",\"name\":\"Qui sommes nous - OPEN France\",\"isPartOf\":{\"@id\":\"https:\/\/open-france.org\/#website\"},\"datePublished\":\"2021-02-25T09:56:04+00:00\",\"dateModified\":\"2021-05-28T13:48:35+00:00\",\"breadcrumb\":{\"@id\":\"https:\/\/open-france.org\/index.php\/qui-sommes-nous\/#breadcrumb\"},\"inLanguage\":\"en-US\",\"potentialAction\":[{\"@type\":\"ReadAction\",\"target\":[\"https:\/\/open-france.org\/index.php\/qui-sommes-nous\/\"]}]},{\"@type\":\"BreadcrumbList\",\"@id\":\"https:\/\/open-france.org\/index.php\/qui-sommes-nous\/#breadcrumb\",\"itemListElement\":[{\"@type\":\"ListItem\",\"position\":1,\"name\":\"Accueil\",\"item\":\"https:\/\/open-france.org\/\"},{\"@type\":\"ListItem\",\"position\":2,\"name\":\"Qui sommes nous\"}]}]}<\/script>\n<!-- \/ Yoast SEO plugin. -->","yoast_head_json":{"title":"Qui sommes nous - OPEN France","robots":{"index":"index","follow":"follow","max-snippet":"max-snippet:-1","max-image-preview":"max-image-preview:large","max-video-preview":"max-video-preview:-1"},"canonical":"https:\/\/open-france.org\/index.php\/qui-sommes-nous\/","og_locale":"en_US","og_type":"article","og_title":"Qui sommes nous - OPEN France","og_description":"Qui est Open ?Qui est open ? L\u2019Organisation Pour l\u2019Eau et la Nature (OPEN) est une association loi 1901 qui est n\u00e9e de ces multiples constats, avec une probl\u00e9matique unique\u00a0: comment pr\u00e9server l\u2019harmonie entre l\u2019homme et la nature\u00a0puis\u00a0concilier traitement des eaux us\u00e9es et respect de la biodiversit\u00e9 Elle se base sur les 20 ans d'exp\u00e9riences [&hellip;]","og_url":"https:\/\/open-france.org\/index.php\/qui-sommes-nous\/","og_site_name":"OPEN France","article_modified_time":"2021-05-28T13:48:35+00:00","twitter_card":"summary_large_image","twitter_misc":{"Est. reading time":"3 minutes"},"schema":{"@context":"https:\/\/schema.org","@graph":[{"@type":"WebSite","@id":"https:\/\/open-france.org\/#website","url":"https:\/\/open-france.org\/","name":"OPEN France","description":"","potentialAction":[{"@type":"SearchAction","target":{"@type":"EntryPoint","urlTemplate":"https:\/\/open-france.org\/?s={search_term_string}"},"query-input":"required name=search_term_string"}],"inLanguage":"en-US"},{"@type":"WebPage","@id":"https:\/\/open-france.org\/index.php\/qui-sommes-nous\/#webpage","url":"https:\/\/open-france.org\/index.php\/qui-sommes-nous\/","name":"Qui sommes nous - OPEN France","isPartOf":{"@id":"https:\/\/open-france.org\/#website"},"datePublished":"2021-02-25T09:56:04+00:00","dateModified":"2021-05-28T13:48:35+00:00","breadcrumb":{"@id":"https:\/\/open-france.org\/index.php\/qui-sommes-nous\/#breadcrumb"},"inLanguage":"en-US","potentialAction":[{"@type":"ReadAction","target":["https:\/\/open-france.org\/index.php\/qui-sommes-nous\/"]}]},{"@type":"BreadcrumbList","@id":"https:\/\/open-france.org\/index.php\/qui-sommes-nous\/#breadcrumb","itemListElement":[{"@type":"ListItem","position":1,"name":"Accueil","item":"https:\/\/open-france.org\/"},{"@type":"ListItem","position":2,"name":"Qui sommes nous"}]}]}},"_links":{"self":[{"href":"https:\/\/open-france.org\/index.php\/wp-json\/wp\/v2\/pages\/381","targetHints":{"allow":["GET"]}}],"collection":[{"href":"https:\/\/open-france.org\/index.php\/wp-json\/wp\/v2\/pages"}],"about":[{"href":"https:\/\/open-france.org\/index.php\/wp-json\/wp\/v2\/types\/page"}],"author":[{"embeddable":true,"href":"https:\/\/open-france.org\/index.php\/wp-json\/wp\/v2\/users\/1"}],"replies":[{"embeddable":true,"href":"https:\/\/open-france.org\/index.php\/wp-json\/wp\/v2\/comments?post=381"}],"version-history":[{"count":0,"href":"https:\/\/open-france.org\/index.php\/wp-json\/wp\/v2\/pages\/381\/revisions"}],"wp:attachment":[{"href":"https:\/\/open-france.org\/index.php\/wp-json\/wp\/v2\/media?parent=381"}],"curies":[{"name":"wp","href":"https:\/\/api.w.org\/{rel}","templated":true}]}}