{"id":109,"date":"2021-02-14T15:20:45","date_gmt":"2021-02-14T14:20:45","guid":{"rendered":"http:\/\/open-france.org\/?page_id=109"},"modified":"2021-04-06T12:59:29","modified_gmt":"2021-04-06T10:59:29","slug":"nous-rejoindre","status":"publish","type":"page","link":"https:\/\/open-france.org\/index.php\/nous-rejoindre\/","title":{"rendered":"Nous rejoindre"},"content":{"rendered":"<p>[et_pb_section fb_built=&#8221;1&#8243; fullwidth=&#8221;on&#8221; disabled_on=&#8221;off|off|off&#8221; admin_label=&#8221;Hero&#8221; _builder_version=&#8221;4.9.0&#8243; background_color=&#8221;#1f1f1f&#8221; background_image=&#8221;http:\/\/open-france.org\/wp-content\/uploads\/2021\/02\/P1060883-scaled.jpg&#8221; parallax=&#8221;on&#8221; custom_padding=&#8221;|||&#8221; transparent_background=&#8221;on&#8221;][et_pb_fullwidth_header title=&#8221;Rejoindre l&#8217;aventure&#8221; text_orientation=&#8221;center&#8221; header_fullscreen=&#8221;on&#8221; header_scroll_down=&#8221;on&#8221; scroll_down_icon=&#8221;%%0%%&#8221; scroll_down_icon_color=&#8221;#ffffff&#8221; scroll_down_icon_size=&#8221;32px&#8221; background_overlay_color=&#8221;rgba(31,31,31,0.8)&#8221; subhead_font_color=&#8221;#bebebe&#8221; _builder_version=&#8221;4.9.0&#8243; title_font=&#8221;Oswald||||||||&#8221; title_text_color=&#8221;#ffffff&#8221; title_font_size=&#8221;6vw&#8221; title_letter_spacing=&#8221;3px&#8221; title_line_height=&#8221;1.3em&#8221; content_font=&#8221;Montserrat||||&#8221; content_text_color=&#8221;#bfbfbf&#8221; content_font_size=&#8221;19px&#8221; content_line_height=&#8221;1.8em&#8221; subhead_font=&#8221;Montserrat||||&#8221; subhead_text_color=&#8221;#bebebe&#8221; subhead_line_height=&#8221;1.8em&#8221; background_color=&#8221;rgba(255, 255, 255, 0)&#8221; background_enable_image=&#8221;off&#8221; parallax=&#8221;on&#8221; parallax_method=&#8221;on&#8221; custom_button_one=&#8221;on&#8221; button_one_text_size=&#8221;15px&#8221; button_one_text_color=&#8221;#ffffff&#8221; button_one_border_width=&#8221;2px&#8221; button_one_border_color=&#8221;#ffffff&#8221; button_one_border_radius=&#8221;0px&#8221; button_one_letter_spacing=&#8221;1px&#8221; button_one_font=&#8221;Montserrat|||on|&#8221; button_one_use_icon=&#8221;off&#8221; custom_button_two=&#8221;on&#8221; button_two_text_size=&#8221;15px&#8221; button_two_text_color=&#8221;#ffffff&#8221; button_two_bg_color=&#8221;#c39d63&#8243; button_two_border_width=&#8221;2px&#8221; button_two_border_color=&#8221;#c39d63&#8243; button_two_border_radius=&#8221;0px&#8221; button_two_letter_spacing=&#8221;1px&#8221; button_two_font=&#8221;Montserrat|||on|&#8221; button_two_use_icon=&#8221;off&#8221; animation_style=&#8221;zoom&#8221; animation_duration=&#8221;1500ms&#8221; animation_intensity_zoom=&#8221;4%&#8221; title_line_height_last_edited=&#8221;off|desktop&#8221; button_one_border_radius_hover=&#8221;0px&#8221; button_one_letter_spacing_hover=&#8221;1px&#8221; button_two_letter_spacing_hover=&#8221;1px&#8221; button_one_text_size__hover_enabled=&#8221;off&#8221; button_two_text_size__hover_enabled=&#8221;off&#8221; button_one_text_color__hover_enabled=&#8221;off&#8221; button_two_text_color__hover_enabled=&#8221;off&#8221; button_one_border_width__hover_enabled=&#8221;off&#8221; button_two_border_width__hover_enabled=&#8221;off&#8221; button_one_border_color__hover_enabled=&#8221;off&#8221; button_two_border_color__hover_enabled=&#8221;off&#8221; button_one_border_radius__hover_enabled=&#8221;on&#8221; button_one_border_radius__hover=&#8221;0px&#8221; button_two_border_radius__hover_enabled=&#8221;off&#8221; button_one_letter_spacing__hover_enabled=&#8221;on&#8221; button_one_letter_spacing__hover=&#8221;1px&#8221; button_two_letter_spacing__hover_enabled=&#8221;on&#8221; button_two_letter_spacing__hover=&#8221;1px&#8221; button_one_bg_color__hover_enabled=&#8221;off&#8221; button_two_bg_color__hover_enabled=&#8221;off&#8221;]<\/p>\n<p>&nbsp;<\/p>\n<p>&nbsp;<\/p>\n<p>[\/et_pb_fullwidth_header][\/et_pb_section][et_pb_section fb_built=&#8221;1&#8243; admin_label=&#8221;Welcome To Royal&#8221; _builder_version=&#8221;3.22&#8243; background_color=&#8221;#ffffff&#8221; background_position=&#8221;top_left&#8221; custom_padding=&#8221;100px|0px|100px|0px&#8221; collapsed=&#8221;off&#8221;][et_pb_row column_structure=&#8221;1_2,1_2&#8243; _builder_version=&#8221;3.25&#8243; background_size=&#8221;initial&#8221; background_position=&#8221;top_left&#8221; background_repeat=&#8221;repeat&#8221; custom_margin=&#8221;|||&#8221; custom_padding=&#8221;|||&#8221;][et_pb_column type=&#8221;1_2&#8243; _builder_version=&#8221;3.25&#8243; background_position=&#8221;top_left&#8221; custom_padding=&#8221;60px|||&#8221; custom_padding__hover=&#8221;|||&#8221;][et_pb_text disabled_on=&#8221;on|on|on&#8221; _builder_version=&#8221;4.9.0&#8243; text_font=&#8221;||||||||&#8221; header_font=&#8221;||||||||&#8221; header_2_font=&#8221;Oswald||||||||&#8221; header_2_font_size=&#8221;48px&#8221; header_2_letter_spacing=&#8221;3px&#8221; header_2_line_height=&#8221;1.3em&#8221; background_size=&#8221;initial&#8221; background_position=&#8221;top_left&#8221; background_repeat=&#8221;repeat&#8221; header_font_size__hover=&#8221;30px&#8221; header_font_size__hover_enabled=&#8221;30px&#8221; header_letter_spacing__hover=&#8221;0px&#8221; header_letter_spacing__hover_enabled=&#8221;0px&#8221; header_text_shadow_style__hover=&#8221;none&#8221; header_text_shadow_style__hover_enabled=&#8221;none&#8221; header_text_shadow_color__hover=&#8221;rgba(0,0,0,0.4)&#8221; header_text_shadow_color__hover_enabled=&#8221;rgba(0,0,0,0.4)&#8221; disabled=&#8221;on&#8221;]<\/p>\n<h2>Oui, nous pouvons changer le monde<\/h2>\n<p>[\/et_pb_text][et_pb_text _builder_version=&#8221;4.9.0&#8243; text_font=&#8221;Montserrat||||&#8221; text_text_color=&#8221;#353740&#8243; text_font_size=&#8221;17px&#8221; text_line_height=&#8221;1.8em&#8221; ul_line_height=&#8221;2.2em&#8221; header_font=&#8221;||||&#8221; background_size=&#8221;initial&#8221; background_position=&#8221;top_left&#8221; background_repeat=&#8221;repeat&#8221; max_width=&#8221;700px&#8221; animation_style=&#8221;slide&#8221; animation_direction=&#8221;top&#8221; animation_intensity_slide=&#8221;4%&#8221;]<\/p>\n<p is=\"qowt-point-para\" class=\"E846 x-scope qowt-point-para-60 list-type-buNone\" qowt-eid=\"E846\" id=\"E846\"><strong><span is=\"qowt-point-run\" class=\"qowt-font2-CenturyGothic\" qowt-eid=\"E843\" id=\"E843\">OPEN<\/span><span is=\"qowt-point-run\" class=\"qowt-font2-CenturyGothic\" qowt-eid=\"E845\" id=\"E845\"> \u0153uvre pour le bien-\u00eatre\u00a0<\/span><span style=\"font-size: 17px;\">des populations<\/span><\/strong><\/p>\n<p is=\"qowt-point-para\" class=\"E846 x-scope qowt-point-para-60 list-type-buNone\" qowt-eid=\"E846\"><strong><span style=\"font-size: 17px;\"><\/span><\/strong><\/p>\n<p is=\"qowt-point-para\" class=\"E846 x-scope qowt-point-para-60 list-type-buNone\" qowt-eid=\"E846\"><strong><span style=\"font-size: 17px;\"><\/span><\/strong><\/p>\n<p is=\"qowt-point-para\" class=\"E859 x-scope qowt-point-para-66 list-type-buNone\" qowt-eid=\"E859\" id=\"E859\"><span is=\"qowt-point-run\" class=\"qowt-font2-CenturyGothic\" qowt-eid=\"E853\" id=\"E853\">Objectif : Faciliter l\u2019<\/span><span is=\"qowt-point-run\" class=\"qowt-font2-CenturyGothic\" qowt-eid=\"E855\" id=\"E855\">acc\u00e8s \u00e0 <\/span><span is=\"qowt-point-run\" class=\"qowt-font2-CenturyGothic\" qowt-eid=\"E857\" id=\"E857\">l\u2019assainissement<\/span><\/p>\n<p is=\"qowt-point-para\" class=\"E859 x-scope qowt-point-para-66 list-type-buNone\" qowt-eid=\"E859\"><span is=\"qowt-point-run\" class=\"qowt-font2-CenturyGothic\" qowt-eid=\"E857\"><\/span><\/p>\n<ul>\n<li is=\"qowt-point-para\" class=\"E864 x-scope qowt-point-para-69 list-type-buChar\" qowt-level=\"1\" qowt-eid=\"E864\" id=\"E864\"><span is=\"qowt-point-run\" class=\"qowt-font2-CenturyGothic\" qowt-eid=\"E861\" id=\"E861\">Trouver des <\/span><span is=\"qowt-point-run\" class=\"qowt-font2-CenturyGothic\" qowt-eid=\"E863\" id=\"E863\">subventions<\/span><span is=\"qowt-point-run\" class=\"qowt-font2-CenturyGothic\" qowt-eid=\"E863\"><\/span><\/li>\n<li is=\"qowt-point-para\" class=\"E870 x-scope qowt-point-para-69 list-type-buChar\" qowt-level=\"1\" qowt-eid=\"E870\" id=\"E870\"><span is=\"qowt-point-run\" class=\"qowt-font2-CenturyGothic\" qowt-eid=\"E866\" id=\"E866\">Implanter <\/span><span is=\"qowt-point-run\" class=\"qowt-font2-CenturyGothic\" qowt-eid=\"E868\" id=\"E868\">des stations d\u2019\u00e9puration<\/span><span is=\"qowt-point-run\" class=\"qowt-font2-CenturyGothic\" qowt-eid=\"E868\"><\/span><\/li>\n<li is=\"qowt-point-para\" class=\"E876 x-scope qowt-point-para-69 list-type-buChar\" qowt-level=\"1\" qowt-eid=\"E876\" id=\"E876\"><span is=\"qowt-point-run\" class=\"qowt-font2-CenturyGothic\" qowt-eid=\"E872\" id=\"E872\">G\u00e9rer <\/span><span is=\"qowt-point-run\" class=\"qowt-font2-CenturyGothic\" qowt-eid=\"E874\" id=\"E874\">administrativement et techniquement les dossiers<\/span><\/li>\n<\/ul>\n<p><span is=\"qowt-point-run\" class=\"qowt-font2-CenturyGothic\" qowt-eid=\"E874\"><\/span><\/p>\n<p>Vous pensez pouvoir apporter votre pierre \u00e0 l&#8217;\u00e9difice ? Alors rejoignez notre \u00e9quipe en remplissant le formulaire afin qu&#8217;on puisse vous contacter !\u00a0 \u00a0<span is=\"qowt-point-run\" class=\"qowt-font2-CenturyGothic\" qowt-eid=\"E874\"><\/span><\/p>\n<p><span is=\"qowt-point-run\" class=\"qowt-font2-CenturyGothic\" qowt-eid=\"E874\"><\/span><\/p>\n<p>[\/et_pb_text][\/et_pb_column][et_pb_column type=&#8221;1_2&#8243; _builder_version=&#8221;3.25&#8243; background_position=&#8221;top_left&#8221; custom_padding=&#8221;|||&#8221; custom_padding__hover=&#8221;|||&#8221;][et_pb_text _builder_version=&#8221;4.9.0&#8243; _module_preset=&#8221;default&#8221; text_font=&#8221;Oswald||||||||&#8221; text_text_color=&#8221;#353740&#8243; text_font_size=&#8221;3vw&#8221; text_letter_spacing=&#8221;3px&#8221; custom_margin=&#8221;82px||||false|false&#8221; hover_enabled=&#8221;0&#8243; text_font_size_last_edited=&#8221;on|phone&#8221; sticky_enabled=&#8221;0&#8243; text_font_size_phone=&#8221;6vw&#8221;]<\/p>\n<p style=\"text-align: center;\">Formulaire de contact<\/p>\n<p>[\/et_pb_text][et_pb_contact_form email=&#8221;organisationeauetnature@gmail.com&#8221; success_message=&#8221;Open vous remercie pour votre message !&#8221; _builder_version=&#8221;4.9.0&#8243; _module_preset=&#8221;default&#8221;][et_pb_contact_field field_id=&#8221;Field_4&#8243; field_title=&#8221;Pr\u00e9nom*&#8221; fullwidth_field=&#8221;on&#8221; _builder_version=&#8221;4.9.0&#8243; _module_preset=&#8221;default&#8221;][\/et_pb_contact_field][et_pb_contact_field field_id=&#8221;Name&#8221; field_title=&#8221;Nom*&#8221; _builder_version=&#8221;4.9.0&#8243; button_text_size__hover_enabled=&#8221;off&#8221; button_one_text_size__hover_enabled=&#8221;off&#8221; button_two_text_size__hover_enabled=&#8221;off&#8221; button_text_color__hover_enabled=&#8221;off&#8221; button_one_text_color__hover_enabled=&#8221;off&#8221; button_two_text_color__hover_enabled=&#8221;off&#8221; button_border_width__hover_enabled=&#8221;off&#8221; button_one_border_width__hover_enabled=&#8221;off&#8221; button_two_border_width__hover_enabled=&#8221;off&#8221; button_border_color__hover_enabled=&#8221;off&#8221; button_one_border_color__hover_enabled=&#8221;off&#8221; button_two_border_color__hover_enabled=&#8221;off&#8221; button_border_radius__hover_enabled=&#8221;off&#8221; button_one_border_radius__hover_enabled=&#8221;off&#8221; button_two_border_radius__hover_enabled=&#8221;off&#8221; button_letter_spacing__hover_enabled=&#8221;off&#8221; button_one_letter_spacing__hover_enabled=&#8221;off&#8221; button_two_letter_spacing__hover_enabled=&#8221;off&#8221; button_bg_color__hover_enabled=&#8221;off&#8221; button_one_bg_color__hover_enabled=&#8221;off&#8221; button_two_bg_color__hover_enabled=&#8221;off&#8221;][\/et_pb_contact_field][et_pb_contact_field field_id=&#8221;Email&#8221; field_title=&#8221;Adresse e-mail*&#8221; field_type=&#8221;email&#8221; _builder_version=&#8221;4.9.0&#8243; button_text_size__hover_enabled=&#8221;off&#8221; button_one_text_size__hover_enabled=&#8221;off&#8221; button_two_text_size__hover_enabled=&#8221;off&#8221; button_text_color__hover_enabled=&#8221;off&#8221; button_one_text_color__hover_enabled=&#8221;off&#8221; button_two_text_color__hover_enabled=&#8221;off&#8221; button_border_width__hover_enabled=&#8221;off&#8221; button_one_border_width__hover_enabled=&#8221;off&#8221; button_two_border_width__hover_enabled=&#8221;off&#8221; button_border_color__hover_enabled=&#8221;off&#8221; button_one_border_color__hover_enabled=&#8221;off&#8221; button_two_border_color__hover_enabled=&#8221;off&#8221; button_border_radius__hover_enabled=&#8221;off&#8221; button_one_border_radius__hover_enabled=&#8221;off&#8221; button_two_border_radius__hover_enabled=&#8221;off&#8221; button_letter_spacing__hover_enabled=&#8221;off&#8221; button_one_letter_spacing__hover_enabled=&#8221;off&#8221; button_two_letter_spacing__hover_enabled=&#8221;off&#8221; button_bg_color__hover_enabled=&#8221;off&#8221; button_one_bg_color__hover_enabled=&#8221;off&#8221; button_two_bg_color__hover_enabled=&#8221;off&#8221;][\/et_pb_contact_field][et_pb_contact_field field_id=&#8221;Message&#8221; field_title=&#8221;Message&#8221; field_type=&#8221;text&#8221; fullwidth_field=&#8221;on&#8221; _builder_version=&#8221;3.16&#8243; button_text_size__hover_enabled=&#8221;off&#8221; button_one_text_size__hover_enabled=&#8221;off&#8221; button_two_text_size__hover_enabled=&#8221;off&#8221; button_text_color__hover_enabled=&#8221;off&#8221; button_one_text_color__hover_enabled=&#8221;off&#8221; button_two_text_color__hover_enabled=&#8221;off&#8221; button_border_width__hover_enabled=&#8221;off&#8221; button_one_border_width__hover_enabled=&#8221;off&#8221; button_two_border_width__hover_enabled=&#8221;off&#8221; button_border_color__hover_enabled=&#8221;off&#8221; button_one_border_color__hover_enabled=&#8221;off&#8221; button_two_border_color__hover_enabled=&#8221;off&#8221; button_border_radius__hover_enabled=&#8221;off&#8221; button_one_border_radius__hover_enabled=&#8221;off&#8221; button_two_border_radius__hover_enabled=&#8221;off&#8221; button_letter_spacing__hover_enabled=&#8221;off&#8221; button_one_letter_spacing__hover_enabled=&#8221;off&#8221; button_two_letter_spacing__hover_enabled=&#8221;off&#8221; button_bg_color__hover_enabled=&#8221;off&#8221; button_one_bg_color__hover_enabled=&#8221;off&#8221; button_two_bg_color__hover_enabled=&#8221;off&#8221;][\/et_pb_contact_field][\/et_pb_contact_form][\/et_pb_column][\/et_pb_row][\/et_pb_section]<\/p>\n","protected":false},"excerpt":{"rendered":"<p>&nbsp; &nbsp;Oui, nous pouvons changer le mondeOPEN \u0153uvre pour le bien-\u00eatre\u00a0des populations Objectif : Faciliter l\u2019acc\u00e8s \u00e0 l\u2019assainissement Trouver des subventions Implanter des stations d\u2019\u00e9puration G\u00e9rer administrativement et techniquement les dossiers Vous pensez pouvoir apporter votre pierre \u00e0 l&#8217;\u00e9difice ? Alors rejoignez notre \u00e9quipe en remplissant le formulaire afin qu&#8217;on puisse vous contacter !\u00a0 \u00a0 [&hellip;]<\/p>\n","protected":false},"author":1,"featured_media":0,"parent":0,"menu_order":0,"comment_status":"closed","ping_status":"closed","template":"","meta":{"_et_pb_use_builder":"on","_et_pb_old_content":"","_et_gb_content_width":"","footnotes":""},"class_list":["post-109","page","type-page","status-publish","hentry"],"yoast_head":"<!-- This site is optimized with the Yoast SEO plugin v18.3 - https:\/\/yoast.com\/wordpress\/plugins\/seo\/ -->\n<title>Nous rejoindre - OPEN France<\/title>\n<meta name=\"robots\" content=\"index, follow, max-snippet:-1, max-image-preview:large, max-video-preview:-1\" \/>\n<link rel=\"canonical\" href=\"https:\/\/open-france.org\/index.php\/nous-rejoindre\/\" \/>\n<meta property=\"og:locale\" content=\"en_US\" \/>\n<meta property=\"og:type\" content=\"article\" \/>\n<meta property=\"og:title\" content=\"Nous rejoindre - OPEN France\" \/>\n<meta property=\"og:description\" content=\"&nbsp; &nbsp;Oui, nous pouvons changer le mondeOPEN \u0153uvre pour le bien-\u00eatre\u00a0des populations Objectif : Faciliter l\u2019acc\u00e8s \u00e0 l\u2019assainissement Trouver des subventions Implanter des stations d\u2019\u00e9puration G\u00e9rer administrativement et techniquement les dossiers Vous pensez pouvoir apporter votre pierre \u00e0 l&#039;\u00e9difice ? Alors rejoignez notre \u00e9quipe en remplissant le formulaire afin qu&#039;on puisse vous contacter !\u00a0 \u00a0 [&hellip;]\" \/>\n<meta property=\"og:url\" content=\"https:\/\/open-france.org\/index.php\/nous-rejoindre\/\" \/>\n<meta property=\"og:site_name\" content=\"OPEN France\" \/>\n<meta property=\"article:modified_time\" content=\"2021-04-06T10:59:29+00:00\" \/>\n<meta name=\"twitter:card\" content=\"summary_large_image\" \/>\n<meta name=\"twitter:label1\" content=\"Est. reading time\" \/>\n\t<meta name=\"twitter:data1\" content=\"6 minutes\" \/>\n<script type=\"application\/ld+json\" class=\"yoast-schema-graph\">{\"@context\":\"https:\/\/schema.org\",\"@graph\":[{\"@type\":\"WebSite\",\"@id\":\"https:\/\/open-france.org\/#website\",\"url\":\"https:\/\/open-france.org\/\",\"name\":\"OPEN France\",\"description\":\"\",\"potentialAction\":[{\"@type\":\"SearchAction\",\"target\":{\"@type\":\"EntryPoint\",\"urlTemplate\":\"https:\/\/open-france.org\/?s={search_term_string}\"},\"query-input\":\"required name=search_term_string\"}],\"inLanguage\":\"en-US\"},{\"@type\":\"WebPage\",\"@id\":\"https:\/\/open-france.org\/index.php\/nous-rejoindre\/#webpage\",\"url\":\"https:\/\/open-france.org\/index.php\/nous-rejoindre\/\",\"name\":\"Nous rejoindre - OPEN France\",\"isPartOf\":{\"@id\":\"https:\/\/open-france.org\/#website\"},\"datePublished\":\"2021-02-14T14:20:45+00:00\",\"dateModified\":\"2021-04-06T10:59:29+00:00\",\"breadcrumb\":{\"@id\":\"https:\/\/open-france.org\/index.php\/nous-rejoindre\/#breadcrumb\"},\"inLanguage\":\"en-US\",\"potentialAction\":[{\"@type\":\"ReadAction\",\"target\":[\"https:\/\/open-france.org\/index.php\/nous-rejoindre\/\"]}]},{\"@type\":\"BreadcrumbList\",\"@id\":\"https:\/\/open-france.org\/index.php\/nous-rejoindre\/#breadcrumb\",\"itemListElement\":[{\"@type\":\"ListItem\",\"position\":1,\"name\":\"Accueil\",\"item\":\"https:\/\/open-france.org\/\"},{\"@type\":\"ListItem\",\"position\":2,\"name\":\"Nous rejoindre\"}]}]}<\/script>\n<!-- \/ Yoast SEO plugin. -->","yoast_head_json":{"title":"Nous rejoindre - OPEN France","robots":{"index":"index","follow":"follow","max-snippet":"max-snippet:-1","max-image-preview":"max-image-preview:large","max-video-preview":"max-video-preview:-1"},"canonical":"https:\/\/open-france.org\/index.php\/nous-rejoindre\/","og_locale":"en_US","og_type":"article","og_title":"Nous rejoindre - OPEN France","og_description":"&nbsp; &nbsp;Oui, nous pouvons changer le mondeOPEN \u0153uvre pour le bien-\u00eatre\u00a0des populations Objectif : Faciliter l\u2019acc\u00e8s \u00e0 l\u2019assainissement Trouver des subventions Implanter des stations d\u2019\u00e9puration G\u00e9rer administrativement et techniquement les dossiers Vous pensez pouvoir apporter votre pierre \u00e0 l'\u00e9difice ? Alors rejoignez notre \u00e9quipe en remplissant le formulaire afin qu'on puisse vous contacter !\u00a0 \u00a0 [&hellip;]","og_url":"https:\/\/open-france.org\/index.php\/nous-rejoindre\/","og_site_name":"OPEN France","article_modified_time":"2021-04-06T10:59:29+00:00","twitter_card":"summary_large_image","twitter_misc":{"Est. reading time":"6 minutes"},"schema":{"@context":"https:\/\/schema.org","@graph":[{"@type":"WebSite","@id":"https:\/\/open-france.org\/#website","url":"https:\/\/open-france.org\/","name":"OPEN France","description":"","potentialAction":[{"@type":"SearchAction","target":{"@type":"EntryPoint","urlTemplate":"https:\/\/open-france.org\/?s={search_term_string}"},"query-input":"required name=search_term_string"}],"inLanguage":"en-US"},{"@type":"WebPage","@id":"https:\/\/open-france.org\/index.php\/nous-rejoindre\/#webpage","url":"https:\/\/open-france.org\/index.php\/nous-rejoindre\/","name":"Nous rejoindre - OPEN France","isPartOf":{"@id":"https:\/\/open-france.org\/#website"},"datePublished":"2021-02-14T14:20:45+00:00","dateModified":"2021-04-06T10:59:29+00:00","breadcrumb":{"@id":"https:\/\/open-france.org\/index.php\/nous-rejoindre\/#breadcrumb"},"inLanguage":"en-US","potentialAction":[{"@type":"ReadAction","target":["https:\/\/open-france.org\/index.php\/nous-rejoindre\/"]}]},{"@type":"BreadcrumbList","@id":"https:\/\/open-france.org\/index.php\/nous-rejoindre\/#breadcrumb","itemListElement":[{"@type":"ListItem","position":1,"name":"Accueil","item":"https:\/\/open-france.org\/"},{"@type":"ListItem","position":2,"name":"Nous rejoindre"}]}]}},"_links":{"self":[{"href":"https:\/\/open-france.org\/index.php\/wp-json\/wp\/v2\/pages\/109","targetHints":{"allow":["GET"]}}],"collection":[{"href":"https:\/\/open-france.org\/index.php\/wp-json\/wp\/v2\/pages"}],"about":[{"href":"https:\/\/open-france.org\/index.php\/wp-json\/wp\/v2\/types\/page"}],"author":[{"embeddable":true,"href":"https:\/\/open-france.org\/index.php\/wp-json\/wp\/v2\/users\/1"}],"replies":[{"embeddable":true,"href":"https:\/\/open-france.org\/index.php\/wp-json\/wp\/v2\/comments?post=109"}],"version-history":[{"count":0,"href":"https:\/\/open-france.org\/index.php\/wp-json\/wp\/v2\/pages\/109\/revisions"}],"wp:attachment":[{"href":"https:\/\/open-france.org\/index.php\/wp-json\/wp\/v2\/media?parent=109"}],"curies":[{"name":"wp","href":"https:\/\/api.w.org\/{rel}","templated":true}]}}